{"id":412,"date":"2019-12-27T17:01:10","date_gmt":"2019-12-27T17:01:10","guid":{"rendered":"http:\/\/location-larosiere.fr\/?page_id=412"},"modified":"2025-12-24T11:04:12","modified_gmt":"2025-12-24T10:04:12","slug":"contact","status":"publish","type":"page","link":"https:\/\/lesquirol.fr\/en\/contact","title":{"rendered":"CONTACT"},"content":{"rendered":"<div class=\"wpb-content-wrapper\"><div class=\"vc_row wpb_row vc_row-fluid vc_custom_1766570639949 wpex-relative\"><div class=\"wpb_column vc_column_container vc_col-sm-12\"><div class=\"vc_column-inner\"><div class=\"wpb_wrapper\"><h4 class=\"vcex-heading vcex-heading-plain vcex-module wpex-heading wpex-text-2xl wpex-text-left vc_custom_1577469911334\"><span class=\"vcex-heading-inner wpex-inline-block\">Comment r\u00e9server en direct pour b\u00e9n\u00e9ficier des meilleurs tarifs ?<\/span><\/h4>\n\t<div class=\"wpb_text_column wpb_content_element\" >\n\t\t<div class=\"wpb_wrapper\">\n\t\t\t<p class=\"font_8\">Le Chalet L&rsquo;Esquirol est un chalet de famille, g\u00e9r\u00e9 en direct de particulier \u00e0 particuliers. Pour tout renseignement, ou pour toute demande de r\u00e9servation, nous vous r\u00e9pondons directement dans les meilleurs d\u00e9lais.<\/p>\n<p>Les tarifs et disponibilit\u00e9s sont mises \u00e0 jour sur notre calendrier dans <a title=\"TARIFS &amp; DISPONIBILIT\u00c9S\" href=\"https:\/\/lesquirol.fr\/reservation\" target=\"_blank\" rel=\"noopener\">TARIFS &amp; DISPONIBILIT\u00c9S<\/a>.<\/p>\n<p class=\"font_8\">Pour plus d&rsquo;information ou pour r\u00e9server, vous pouvez alors :<br \/>\n\u2022 Utiliser le formulaire ci-dessous, ou<br \/>\n\u2022\u00a0Nous envoyer un email \u00e0 : marine[at]chalet-esquirol.fr<\/p>\n<p class=\"font_8\">Pour une demande de tarif, nous vous remercions de nous indiquer les dates souhait\u00e9es, le nombre d&rsquo;adultes, le nombre d&rsquo;enfants pr\u00e9vus lors du s\u00e9jour, votre adresse postale, un num\u00e9ro de t\u00e9l\u00e9phone et\/ou un email pour vous joindre.\u00a0Nous vous ferons parvenir une proposition.<\/p>\n\n\t\t<\/div>\n\t<\/div>\n<div class=\"vc_empty_space\"   style=\"height: 40px\"><span class=\"vc_empty_space_inner\"><\/span><\/div><div class=\"vc_row wpb_row vc_inner vc_row-fluid wpex-relative\"><div class=\"wpb_column vc_column_container vc_col-sm-12 wpex-vc_col-has-fill\"><div class=\"vc_column-inner vc_custom_1577469792232\"><div class=\"wpb_wrapper\"><h4 class=\"vcex-heading vcex-heading-plain vcex-module wpex-heading wpex-text-2xl wpex-text-left vc_custom_1577469949019\"><span class=\"vcex-heading-inner wpex-inline-block\">Demande d'information ou de r\u00e9servation<\/span><\/h4>\n<div class=\"wpcf7 no-js\" id=\"wpcf7-f417-o1\" lang=\"fr-FR\" dir=\"ltr\" data-wpcf7-id=\"417\">\n<div class=\"screen-reader-response\"><p role=\"status\" aria-live=\"polite\" aria-atomic=\"true\"><\/p> <ul><\/ul><\/div>\n<form action=\"\/en\/wp-json\/wp\/v2\/pages\/412#wpcf7-f417-o1\" method=\"post\" class=\"wpcf7-form init\" aria-label=\"Formulaire de contact\" novalidate=\"novalidate\" data-status=\"init\">\n<fieldset class=\"hidden-fields-container\"><input type=\"hidden\" name=\"_wpcf7\" value=\"417\" \/><input type=\"hidden\" name=\"_wpcf7_version\" value=\"6.1.5\" \/><input type=\"hidden\" name=\"_wpcf7_locale\" value=\"fr_FR\" \/><input type=\"hidden\" name=\"_wpcf7_unit_tag\" value=\"wpcf7-f417-o1\" \/><input type=\"hidden\" name=\"_wpcf7_container_post\" value=\"0\" \/><input type=\"hidden\" name=\"_wpcf7_posted_data_hash\" value=\"\" \/><input type=\"hidden\" name=\"_wpcf7_recaptcha_response\" value=\"\" \/>\n<\/fieldset>\n<p><label> Date d'arriv\u00e9e souhait\u00e9e : <span class=\"wpcf7-form-control-wrap\" data-name=\"DateArrive\"><input class=\"wpcf7-form-control wpcf7-date wpcf7-validates-as-required wpcf7-validates-as-date\" min=\"2025-06-01\" max=\"2028-12-31\" aria-required=\"true\" aria-invalid=\"false\" value=\"\" type=\"date\" name=\"DateArrive\" \/><\/span><\/label><br \/>\nVous pouvez consulter les disponibilit\u00e9s et les tarifs sur la page Tarifs & Disponibilit\u00e9s.\n<\/p>\n<p><label> Dur\u00e9e du s\u00e9jour : <span class=\"wpcf7-form-control-wrap\" data-name=\"Duree\"><select class=\"wpcf7-form-control wpcf7-select wpcf7-validates-as-required\" aria-required=\"true\" aria-invalid=\"false\" name=\"Duree\"><option value=\"1 semaine\">1 semaine<\/option><option value=\"2 semaines\">2 semaines<\/option><\/select><\/span><\/label>\n<\/p>\n<p><label> Logement souhait\u00e9 : <span class=\"wpcf7-form-control-wrap\" data-name=\"Appart\"><select class=\"wpcf7-form-control wpcf7-select\" aria-invalid=\"false\" name=\"Appart\"><option value=\"Demi-chalet Marmotte\">Demi-chalet Marmotte<\/option><option value=\"Demi-chalet Hermine\">Demi-chalet Hermine<\/option><option value=\"Chalet entier\">Chalet entier<\/option><option value=\"Sans pr\u00e9f\u00e9rence\">Sans pr\u00e9f\u00e9rence<\/option><\/select><\/span><\/label>\n<\/p>\n<p><label> Nombre d'adultes : <span class=\"wpcf7-form-control-wrap\" data-name=\"Adultes\"><select class=\"wpcf7-form-control wpcf7-select\" aria-invalid=\"false\" name=\"Adultes\"><option value=\"1\">1<\/option><option value=\"2\">2<\/option><option value=\"3\">3<\/option><option value=\"4\">4<\/option><option value=\"5\">5<\/option><option value=\"6\">6<\/option><option value=\"7\">7<\/option><option value=\"8\">8<\/option><option value=\"9\">9<\/option><option value=\"10\">10<\/option><\/select><\/span><\/label><br \/>\n<label> Nombre d'enfants (-18 ans) : <span class=\"wpcf7-form-control-wrap\" data-name=\"Enfants\"><select class=\"wpcf7-form-control wpcf7-select\" aria-invalid=\"false\" name=\"Enfants\"><option value=\"0\">0<\/option><option value=\"1\">1<\/option><option value=\"2\">2<\/option><option value=\"3\">3<\/option><option value=\"4\">4<\/option><option value=\"5\">5<\/option><option value=\"6\">6<\/option><option value=\"7\">7<\/option><option value=\"8\">8<\/option><\/select><\/span><\/label><br \/>\nLe nombre maximal de participants est de 12 par logements.\n<\/p>\n<p><label> Pr\u00e9nom \/ Nom : <span class=\"wpcf7-form-control-wrap\" data-name=\"your-name\"><input size=\"40\" maxlength=\"400\" class=\"wpcf7-form-control wpcf7-text wpcf7-validates-as-required\" aria-required=\"true\" aria-invalid=\"false\" value=\"\" type=\"text\" name=\"your-name\" \/><\/span> <\/label>\n<\/p>\n<p><label> Votre adresse email : <span class=\"wpcf7-form-control-wrap\" data-name=\"your-email\"><input size=\"40\" maxlength=\"400\" class=\"wpcf7-form-control wpcf7-email wpcf7-validates-as-required wpcf7-text wpcf7-validates-as-email\" aria-required=\"true\" aria-invalid=\"false\" value=\"\" type=\"email\" name=\"your-email\" \/><\/span> <\/label>\n<\/p>\n<p><label> Avez-vous besoin d'autres informations ?<br \/>\n<span class=\"wpcf7-form-control-wrap\" data-name=\"your-message\"><textarea cols=\"40\" rows=\"10\" maxlength=\"2000\" class=\"wpcf7-form-control wpcf7-textarea\" aria-invalid=\"false\" name=\"your-message\"><\/textarea><\/span> <\/label>\n<\/p>\n<p><input class=\"wpcf7-form-control wpcf7-submit has-spinner\" type=\"submit\" value=\"Envoyer\" \/>\n<\/p><div class=\"wpcf7-response-output\" aria-hidden=\"true\"><\/div>\n<\/form>\n<\/div>\n<\/div><\/div><\/div><\/div><\/div><\/div><\/div><\/div><div class=\"vc_row wpb_row vc_row-fluid wpex-relative\"><div class=\"wpb_column vc_column_container vc_col-sm-12\"><div class=\"vc_column-inner\"><div class=\"wpb_wrapper\"><\/div><\/div><\/div><\/div>\n<\/div>","protected":false},"excerpt":{"rendered":"Comment r\u00e9server en direct pour b\u00e9n\u00e9ficier des meilleurs tarifs ? Le Chalet L'Esquirol est un chalet de famille, g\u00e9r\u00e9 en direct de particulier \u00e0 particuliers. Pour tout renseignement, ou pour toute demande de r\u00e9servation, nous vous r\u00e9pondons directement dans les meilleurs d\u00e9lais. Les tarifs et disponibilit\u00e9s sont mises \u00e0 jour sur notre calendrier dans TARIFS&hellip;","protected":false},"author":1,"featured_media":184,"parent":0,"menu_order":0,"comment_status":"closed","ping_status":"closed","template":"","meta":{"_monsterinsights_skip_tracking":false,"_monsterinsights_sitenote_active":false,"_monsterinsights_sitenote_note":"","_monsterinsights_sitenote_category":0,"footnotes":""},"class_list":["post-412","page","type-page","status-publish","has-post-thumbnail","hentry","entry","has-media"],"aioseo_notices":[],"_links":{"self":[{"href":"https:\/\/lesquirol.fr\/en\/wp-json\/wp\/v2\/pages\/412","targetHints":{"allow":["GET"]}}],"collection":[{"href":"https:\/\/lesquirol.fr\/en\/wp-json\/wp\/v2\/pages"}],"about":[{"href":"https:\/\/lesquirol.fr\/en\/wp-json\/wp\/v2\/types\/page"}],"author":[{"embeddable":true,"href":"https:\/\/lesquirol.fr\/en\/wp-json\/wp\/v2\/users\/1"}],"replies":[{"embeddable":true,"href":"https:\/\/lesquirol.fr\/en\/wp-json\/wp\/v2\/comments?post=412"}],"version-history":[{"count":14,"href":"https:\/\/lesquirol.fr\/en\/wp-json\/wp\/v2\/pages\/412\/revisions"}],"predecessor-version":[{"id":1659,"href":"https:\/\/lesquirol.fr\/en\/wp-json\/wp\/v2\/pages\/412\/revisions\/1659"}],"wp:featuredmedia":[{"embeddable":true,"href":"https:\/\/lesquirol.fr\/en\/wp-json\/wp\/v2\/media\/184"}],"wp:attachment":[{"href":"https:\/\/lesquirol.fr\/en\/wp-json\/wp\/v2\/media?parent=412"}],"curies":[{"name":"wp","href":"https:\/\/api.w.org\/{rel}","templated":true}]}}