{"id":557,"date":"2020-01-06T17:32:04","date_gmt":"2020-01-06T17:32:04","guid":{"rendered":"https:\/\/lesquirol.fr\/?page_id=557"},"modified":"2025-09-08T10:10:28","modified_gmt":"2025-09-08T09:10:28","slug":"acces","status":"publish","type":"page","link":"https:\/\/lesquirol.fr\/en\/acces","title":{"rendered":"ACCESS"},"content":{"rendered":"<div class=\"wpb-content-wrapper\"><div class=\"vc_row wpb_row vc_row-fluid vc_custom_1757322620838 wpex-relative\"><div class=\"wpb_column vc_column_container vc_col-sm-12\"><div class=\"vc_column-inner\"><div class=\"wpb_wrapper\"><div class=\"vc_row wpb_row vc_inner vc_row-fluid wpex-relative\"><div class=\"wpb_column vc_column_container vc_col-sm-3\/5\"><div class=\"vc_column-inner\"><div class=\"wpb_wrapper\"><style>.vcex-icon-box.vcex_6a0584894a21c .vcex-icon-box-icon{color:#1e73be;}<\/style><div class=\"vcex-module vcex-icon-box vcex-icon-box-one wpex-flex wpex-text-left vcex_6a0584894a21c\"><div class=\"vcex-icon-box-symbol vcex-icon-box-symbol--icon wpex-flex-shrink-0 wpex-mr-20\"><div class=\"vcex-icon-box-icon wpex-items-center wpex-justify-center wpex-child-inherit-color wpex-text-center wpex-leading-none wpex-flex wpex-text-1\"><span class=\"wpex-flex wpex-icon--w wpex-icon\" aria-hidden=\"true\"><svg xmlns=\"http:\/\/www.w3.org\/2000\/svg\" viewbox=\"0 0 18 32\"><path d=\"M13.714 11.429q0-1.893-1.339-3.232t-3.232-1.339-3.232 1.339-1.339 3.232 1.339 3.232 3.232 1.339 3.232-1.339 1.339-3.232zM18.286 11.429q0 1.946-0.589 3.196l-6.5 13.821q-0.286 0.589-0.848 0.929t-1.205 0.339-1.205-0.339-0.83-0.929l-6.518-13.821q-0.589-1.25-0.589-3.196 0-3.786 2.679-6.464t6.464-2.679 6.464 2.679 2.679 6.464z\"><\/path><\/svg><\/span><\/div><\/div><div class=\"vcex-icon-box-text wpex-flex-grow\"><h4 class=\"vcex-icon-box-heading wpex-heading wpex-text-md wpex-mb-10\">Situation<\/h4><div class=\"vcex-icon-box-content wpex-last-mb-0 wpex-clr\"><p class=\"font_8\">Le chalet est situ\u00e9 dans le quartier Manessier, \u00e0 proximit\u00e9 imm\u00e9diate du centre de la station de La Rosi\u00e8re 1850. L&rsquo;acc\u00e8s est possible en voiture jusqu&rsquo;au pied du chalet.<\/p>\n<p class=\"font_8\">Il est r\u00e9f\u00e9renc\u00e9 sur Google Map et sur Waze\u00a0sous le nom \u00ab\u00a0Chalet L&rsquo;Esquirol, Montvalezan \u00bb.<\/p>\n<p>GPS : N 45.62841, E 6.84575<\/p>\n<\/div><\/div><\/div><div class=\"vcex-spacing wpex-w-100 wpex-clear\"><\/div><style>.vcex-icon-box.vcex_6a0584894ad22 .vcex-icon-box-icon{color:#1e73be;}<\/style><div class=\"vcex-module vcex-icon-box vcex-icon-box-one wpex-flex wpex-text-left vc_custom_1578333355224 vcex_6a0584894ad22\"><div class=\"vcex-icon-box-symbol vcex-icon-box-symbol--icon wpex-flex-shrink-0 wpex-mr-20\"><div class=\"vcex-icon-box-icon wpex-items-center wpex-justify-center wpex-child-inherit-color wpex-text-center wpex-leading-none wpex-flex wpex-text-1\"><span class=\"wpex-flex wpex-icon--w wpex-icon\" aria-hidden=\"true\"><svg xmlns=\"http:\/\/www.w3.org\/2000\/svg\" viewbox=\"0 0 512 512\"><path d=\"M135.2 117.4L109.1 192H402.9l-26.1-74.6C372.3 104.6 360.2 96 346.6 96H165.4c-13.6 0-25.7 8.6-30.2 21.4zM39.6 196.8L74.8 96.3C88.3 57.8 124.6 32 165.4 32H346.6c40.8 0 77.1 25.8 90.6 64.3l35.2 100.5c23.2 9.6 39.6 32.5 39.6 59.2V400v48c0 17.7-14.3 32-32 32H448c-17.7 0-32-14.3-32-32V400H96v48c0 17.7-14.3 32-32 32H32c-17.7 0-32-14.3-32-32V400 256c0-26.7 16.4-49.6 39.6-59.2zM128 288a32 32 0 1 0 -64 0 32 32 0 1 0 64 0zm288 32a32 32 0 1 0 0-64 32 32 0 1 0 0 64z\"\/><\/svg><\/span><\/div><\/div><div class=\"vcex-icon-box-text wpex-flex-grow\"><h4 class=\"vcex-icon-box-heading wpex-heading wpex-text-md wpex-mb-10\">En voiture<\/h4><div class=\"vcex-icon-box-content wpex-last-mb-0 wpex-clr\"><p class=\"font_8\">Prendre les autoroutes A43 et A430 jusqu&rsquo;\u00e0 Albertville, puis : la voie rapide jusqu&rsquo;\u00e0 Moutiers, et la RN 90 jusqu&rsquo;\u00e0 Bourg-Saint-Maurice. La mont\u00e9e \u00e0 la Rosi\u00e8re se fait par la RD 1090 en direction du Col du Petit Saint-Bernard.<\/p>\n<p class=\"font_8\">La dur\u00e9e du trajet est d&rsquo;environ :<br \/>\n\u2022 \u200b6 h 50 \u00e0 partir de Paris<br \/>\n\u2022 3 h 00 de Lyon<br \/>\n\u2022 2 h 15 de Gen\u00e8ve<\/p>\n<p class=\"font_8\"><span class=\"wixGuard\">\u200b<strong>A<\/strong><\/span><strong>ttention<\/strong> : en \u00e9t\u00e9, l&rsquo;arriv\u00e9e par l&rsquo;Italie (Val d&rsquo;Aoste et La Thuile) est possible par le Col du Petit Saint-Bernard. De novembre \u00e0 mai, ce col est ferm\u00e9 et le passage n&rsquo;est pas possible.<\/p>\n<\/div><\/div><\/div><div class=\"vcex-spacing wpex-w-100 wpex-clear\"><\/div><style>.vcex-icon-box.vcex_6a0584894b7a0 .vcex-icon-box-icon{color:#1e73be;}<\/style><div class=\"vcex-module vcex-icon-box vcex-icon-box-one wpex-flex wpex-text-left vc_custom_1581874742355 vcex_6a0584894b7a0\"><div class=\"vcex-icon-box-symbol vcex-icon-box-symbol--icon wpex-flex-shrink-0 wpex-mr-20\"><div class=\"vcex-icon-box-icon wpex-items-center wpex-justify-center wpex-child-inherit-color wpex-text-center wpex-leading-none wpex-flex wpex-text-1\"><span class=\"wpex-flex wpex-icon--w wpex-icon\" aria-hidden=\"true\"><svg xmlns=\"http:\/\/www.w3.org\/2000\/svg\" viewbox=\"0 0 448 512\"><path d=\"M96 0C43 0 0 43 0 96V352c0 48 35.2 87.7 81.1 94.9l-46 46C28.1 499.9 33.1 512 43 512H82.7c8.5 0 16.6-3.4 22.6-9.4L160 448H288l54.6 54.6c6 6 14.1 9.4 22.6 9.4H405c10 0 15-12.1 7.9-19.1l-46-46c46-7.1 81.1-46.9 81.1-94.9V96c0-53-43-96-96-96H96zM64 96c0-17.7 14.3-32 32-32H352c17.7 0 32 14.3 32 32v96c0 17.7-14.3 32-32 32H96c-17.7 0-32-14.3-32-32V96zM224 288a48 48 0 1 1 0 96 48 48 0 1 1 0-96z\"\/><\/svg><\/span><\/div><\/div><div class=\"vcex-icon-box-text wpex-flex-grow\"><h4 class=\"vcex-icon-box-heading wpex-heading wpex-text-md wpex-mb-10\">En train<\/h4><div class=\"vcex-icon-box-content wpex-last-mb-0 wpex-clr\"><p>TGV directs et Eurostar jusqu&rsquo;\u00e0 la gare de Bourg-Saint-Maurice situ\u00e9e \u00e0 environ 20 km. Un transfert est ensuite assur\u00e9 par car ou par taxi.<\/p>\n<\/div><\/div><\/div><div class=\"vcex-spacing wpex-w-100 wpex-clear\"><\/div><style>.vcex-icon-box.vcex_6a0584894c0a7 .vcex-icon-box-icon{color:#1e73be;}<\/style><div class=\"vcex-module vcex-icon-box vcex-icon-box-one wpex-flex wpex-text-left vc_custom_1581874909036 vcex_6a0584894c0a7\"><div class=\"vcex-icon-box-symbol vcex-icon-box-symbol--icon wpex-flex-shrink-0 wpex-mr-20\"><div class=\"vcex-icon-box-icon wpex-items-center wpex-justify-center wpex-child-inherit-color wpex-text-center wpex-leading-none wpex-flex wpex-text-1\"><span class=\"wpex-flex wpex-icon--w wpex-icon\" aria-hidden=\"true\"><svg xmlns=\"http:\/\/www.w3.org\/2000\/svg\" viewbox=\"0 0 576 512\"><path d=\"M288 0C422.4 0 512 35.2 512 80V96l0 32c17.7 0 32 14.3 32 32v64c0 17.7-14.3 32-32 32l0 160c0 17.7-14.3 32-32 32v32c0 17.7-14.3 32-32 32H416c-17.7 0-32-14.3-32-32V448H192v32c0 17.7-14.3 32-32 32H128c-17.7 0-32-14.3-32-32l0-32c-17.7 0-32-14.3-32-32l0-160c-17.7 0-32-14.3-32-32V160c0-17.7 14.3-32 32-32h0V96h0V80C64 35.2 153.6 0 288 0zM128 160v96c0 17.7 14.3 32 32 32H272V128H160c-17.7 0-32 14.3-32 32zM304 288H416c17.7 0 32-14.3 32-32V160c0-17.7-14.3-32-32-32H304V288zM144 400a32 32 0 1 0 0-64 32 32 0 1 0 0 64zm288 0a32 32 0 1 0 0-64 32 32 0 1 0 0 64zM384 80c0-8.8-7.2-16-16-16H208c-8.8 0-16 7.2-16 16s7.2 16 16 16H368c8.8 0 16-7.2 16-16z\"\/><\/svg><\/span><\/div><\/div><div class=\"vcex-icon-box-text wpex-flex-grow\"><h4 class=\"vcex-icon-box-heading wpex-heading wpex-text-md wpex-mb-10\">Liaisons locales en bus et taxis<\/h4><div class=\"vcex-icon-box-content wpex-last-mb-0 wpex-clr\"><p><strong>Bus\u00a0<\/strong>: des navettes sont assur\u00e9es par car \u00e0 partir de la gare de Bourg-Saint-Maurice jusqu&rsquo;\u00e0 la station de La Rosi\u00e8re. L&rsquo;arriv\u00e9e se situe \u00e0 l&rsquo;Office du Tourisme, \u00e0 400 m du chalet.<\/p>\n<p>Horaires et r\u00e9servations sur ByBus ou MobiSavoie.fr.<\/p>\n<p><strong>Taxi\u00a0<\/strong>: d\u00e9placement dans la Rosi\u00e8re et transferts entre la gare de Bourg-Saint-Maurice et le chalet via des taxis priv\u00e9s. Tarif\u00a0: environ 60 \u20ac en journ\u00e9e. Taxis Jean-Pierre \u00e0 La Rosi\u00e8re.<\/p>\n<\/div><\/div><\/div><\/div><\/div><\/div><div class=\"wpb_column vc_column_container vc_col-sm-2\/5\"><div class=\"vc_column-inner\"><div class=\"wpb_wrapper\">\n\t<div class=\"wpb_raw_code wpb_raw_html wpb_content_element\" >\n\t\t<div class=\"wpb_wrapper\">\n\t\t\t<div id=\"cartelar\" style=\"width: 100%; height: 600px\"><\/div>\n\n<script src=\"https:\/\/psi.larosiere.hubwiser.fr\/psi-loader.js\"><\/script>\n\n<script>\nconst psi = new PSILoader.PSIFrame()\npsi.initialize({\ncontainer: 'cartelar',\nlang: 'fr',\napidaeId: 5673324\n})\n<\/script>\n\t\t<\/div>\n\t<\/div>\n<\/div><\/div><\/div><\/div><\/div><\/div><\/div><\/div>\n<\/div>","protected":false},"excerpt":{"rendered":"Situation Le chalet est situ\u00e9 dans le quartier Manessier, \u00e0 proximit\u00e9 imm\u00e9diate du centre de la station de La Rosi\u00e8re 1850. L&rsquo;acc\u00e8s est possible en voiture jusqu&rsquo;au pied du chalet. Il est r\u00e9f\u00e9renc\u00e9 sur Google Map et sur Waze\u00a0sous le nom \u00ab\u00a0Chalet L&rsquo;Esquirol, Montvalezan \u00bb. GPS : N 45.62841, E 6.84575 En voiture Prendre les&hellip;","protected":false},"author":1,"featured_media":0,"parent":0,"menu_order":0,"comment_status":"closed","ping_status":"closed","template":"","meta":{"_monsterinsights_skip_tracking":false,"_monsterinsights_sitenote_active":false,"_monsterinsights_sitenote_note":"","_monsterinsights_sitenote_category":0,"footnotes":""},"class_list":["post-557","page","type-page","status-publish","hentry","entry","no-media"],"aioseo_notices":[],"_links":{"self":[{"href":"https:\/\/lesquirol.fr\/en\/wp-json\/wp\/v2\/pages\/557","targetHints":{"allow":["GET"]}}],"collection":[{"href":"https:\/\/lesquirol.fr\/en\/wp-json\/wp\/v2\/pages"}],"about":[{"href":"https:\/\/lesquirol.fr\/en\/wp-json\/wp\/v2\/types\/page"}],"author":[{"embeddable":true,"href":"https:\/\/lesquirol.fr\/en\/wp-json\/wp\/v2\/users\/1"}],"replies":[{"embeddable":true,"href":"https:\/\/lesquirol.fr\/en\/wp-json\/wp\/v2\/comments?post=557"}],"version-history":[{"count":21,"href":"https:\/\/lesquirol.fr\/en\/wp-json\/wp\/v2\/pages\/557\/revisions"}],"predecessor-version":[{"id":1635,"href":"https:\/\/lesquirol.fr\/en\/wp-json\/wp\/v2\/pages\/557\/revisions\/1635"}],"wp:attachment":[{"href":"https:\/\/lesquirol.fr\/en\/wp-json\/wp\/v2\/media?parent=557"}],"curies":[{"name":"wp","href":"https:\/\/api.w.org\/{rel}","templated":true}]}}