{"id":773,"date":"2023-11-26T12:18:13","date_gmt":"2023-11-26T12:18:13","guid":{"rendered":"https:\/\/lesquirol.fr\/?page_id=773"},"modified":"2025-12-23T12:40:49","modified_gmt":"2025-12-23T11:40:49","slug":"services","status":"publish","type":"page","link":"https:\/\/lesquirol.fr\/en\/services","title":{"rendered":"FACILITIES"},"content":{"rendered":"<div class=\"wpb-content-wrapper\"><div class=\"vc_row wpb_row vc_row-fluid vc_custom_1766490017030 wpex-relative\"><div class=\"wpb_column vc_column_container vc_col-sm-12\"><div class=\"vc_column-inner\"><div class=\"wpb_wrapper\">\n\t<div class=\"wpb_text_column wpb_content_element\" >\n\t\t<div class=\"wpb_wrapper\">\n\t\t\t<p>Services inclus et services propos\u00e9s en option dans le cadre de votre s\u00e9jour.<\/p>\n\n\t\t<\/div>\n\t<\/div>\n<\/div><\/div><\/div><\/div><div class=\"vc_row wpb_row vc_row-fluid vc_custom_1766490029915 wpex-relative\"><div class=\"wpb_column vc_column_container vc_col-sm-12\"><div class=\"vc_column-inner\"><div class=\"wpb_wrapper\"><style>.vcex-heading.vcex_6a0585ef0d9b6{color:#e6007f;font-size:var(--wpex-text-4xl);}<\/style><h1 class=\"vcex-heading vcex-heading-plain vcex-module wpex-heading wpex-text-2xl wpex-text-center vc_custom_1701001256619 vcex_6a0585ef0d9b6\"><span class=\"vcex-heading-inner wpex-inline-block\">Services inclus<\/span><\/h1><div class=\"vc_row wpb_row vc_inner vc_row-fluid wpex-relative\"><div class=\"wpb_column vc_column_container vc_col-sm-3\"><div class=\"vc_column-inner\"><div class=\"wpb_wrapper\"><div class=\"vcex-module vcex-teaser wpex-flex wpex-flex-col wpex-text-center\"><div class=\"vcex-teaser-media wpex-mb-20 wpex-text-center\"><img loading=\"lazy\" class=\"wpex-align-middle\" decoding=\"async\" src=\"https:\/\/lesquirol.fr\/wp-content\/uploads\/2023\/02\/01-menage-60x60.png\" alt=\"M\u00e9nage\" srcset=\"https:\/\/lesquirol.fr\/wp-content\/uploads\/2023\/02\/01-menage-60x60.png 60w, https:\/\/lesquirol.fr\/wp-content\/uploads\/2023\/02\/01-menage-64x64.png 64w, https:\/\/lesquirol.fr\/wp-content\/uploads\/2023\/02\/01-menage-50x50.png 50w, https:\/\/lesquirol.fr\/wp-content\/uploads\/2023\/02\/01-menage-40x40.png 40w, https:\/\/lesquirol.fr\/wp-content\/uploads\/2023\/02\/01-menage.png 128w\" width=\"60\" height=\"60\"><\/div><div class=\"vcex-teaser-content\"><h2 class=\"vcex-teaser-heading wpex-heading wpex-text-lg\">M\u00e9nage<\/h2><div class=\"vcex-teaser-text wpex-mt-10 wpex-last-mb-0 wpex-clr\"><p style=\"text-align: center\">Partez l&rsquo;esprit tranquille avec le m\u00e9nage de fin de s\u00e9jour inclus (sauf cuisine et poubelles).<\/p>\n<\/div><\/div><\/div><\/div><\/div><\/div><div class=\"wpb_column vc_column_container vc_col-sm-3\"><div class=\"vc_column-inner\"><div class=\"wpb_wrapper\"><div class=\"vcex-module vcex-teaser wpex-flex wpex-flex-col wpex-text-center\"><div class=\"vcex-teaser-media wpex-mb-20 wpex-text-center\"><img loading=\"lazy\" class=\"wpex-align-middle\" decoding=\"async\" src=\"https:\/\/lesquirol.fr\/wp-content\/uploads\/2023\/02\/02-couverture-60x60.png\" alt=\"Draps\" srcset=\"https:\/\/lesquirol.fr\/wp-content\/uploads\/2023\/02\/02-couverture-60x60.png 60w, https:\/\/lesquirol.fr\/wp-content\/uploads\/2023\/02\/02-couverture-52x52.png 52w, https:\/\/lesquirol.fr\/wp-content\/uploads\/2023\/02\/02-couverture-64x64.png 64w, https:\/\/lesquirol.fr\/wp-content\/uploads\/2023\/02\/02-couverture-50x50.png 50w, https:\/\/lesquirol.fr\/wp-content\/uploads\/2023\/02\/02-couverture-40x40.png 40w, https:\/\/lesquirol.fr\/wp-content\/uploads\/2023\/02\/02-couverture.png 128w\" width=\"60\" height=\"60\"><\/div><div class=\"vcex-teaser-content\"><h2 class=\"vcex-teaser-heading wpex-heading wpex-text-lg\">Draps fournis (hiver)<\/h2><div class=\"vcex-teaser-text wpex-mt-10 wpex-last-mb-0 wpex-clr\"><p style=\"text-align: center\">En saison d&rsquo;hiver, voyagez l\u00e9ger ! Les draps sont fournis.<\/p>\n<\/div><\/div><\/div><\/div><\/div><\/div><div class=\"wpb_column vc_column_container vc_col-sm-3\"><div class=\"vc_column-inner\"><div class=\"wpb_wrapper\"><div class=\"vcex-module vcex-teaser wpex-flex wpex-flex-col wpex-text-center\"><div class=\"vcex-teaser-media wpex-mb-20 wpex-text-center\"><img loading=\"lazy\" class=\"wpex-align-middle\" decoding=\"async\" src=\"https:\/\/lesquirol.fr\/wp-content\/uploads\/2023\/11\/C4-laverie-60x60.png\" alt=\"Lave linge\" srcset=\"https:\/\/lesquirol.fr\/wp-content\/uploads\/2023\/11\/C4-laverie-60x60.png 60w, https:\/\/lesquirol.fr\/wp-content\/uploads\/2023\/11\/C4-laverie.png 76w\" width=\"60\" height=\"60\"><\/div><div class=\"vcex-teaser-content\"><h2 class=\"vcex-teaser-heading wpex-heading wpex-text-lg\">Laverie<\/h2><div class=\"vcex-teaser-text wpex-mt-10 wpex-last-mb-0 wpex-clr\"><p style=\"text-align: center\">Lave-linge et s\u00e8che-linge \u00e0 disposition dans le chalet.<\/p>\n<\/div><\/div><\/div><\/div><\/div><\/div><div class=\"wpb_column vc_column_container vc_col-sm-3\"><div class=\"vc_column-inner\"><div class=\"wpb_wrapper\"><div class=\"vcex-module vcex-teaser wpex-flex wpex-flex-col wpex-text-center\"><div class=\"vcex-teaser-media wpex-mb-20 wpex-text-center\"><img loading=\"lazy\" class=\"wpex-align-middle\" decoding=\"async\" src=\"https:\/\/lesquirol.fr\/wp-content\/uploads\/2023\/02\/07-bebe-60x60.png\" alt=\"Equipement b\u00e9b\u00e9\" srcset=\"https:\/\/lesquirol.fr\/wp-content\/uploads\/2023\/02\/07-bebe-60x60.png 60w, https:\/\/lesquirol.fr\/wp-content\/uploads\/2023\/02\/07-bebe-40x40.png 40w, https:\/\/lesquirol.fr\/wp-content\/uploads\/2023\/02\/07-bebe.png 128w\" width=\"60\" height=\"60\"><\/div><div class=\"vcex-teaser-content\"><h2 class=\"vcex-teaser-heading wpex-heading wpex-text-lg\">Equipement b\u00e9b\u00e9<\/h2><div class=\"vcex-teaser-text wpex-mt-10 wpex-last-mb-0 wpex-clr\"><p style=\"text-align: center\">Sur demande, mise \u00e0 disposition gratuite d&rsquo;une chaise et d&rsquo;\u00e9quipement b\u00e9b\u00e9.<\/p>\n<\/div><\/div><\/div><\/div><\/div><\/div><\/div><div class=\"vc_row wpb_row vc_inner vc_row-fluid wpex-relative\"><div class=\"wpb_column vc_column_container vc_col-sm-3\"><div class=\"vc_column-inner\"><div class=\"wpb_wrapper\"><div class=\"vcex-module vcex-teaser wpex-flex wpex-flex-col wpex-text-center\"><div class=\"vcex-teaser-media wpex-mb-20 wpex-text-center\"><img loading=\"lazy\" class=\"wpex-align-middle\" decoding=\"async\" src=\"https:\/\/lesquirol.fr\/wp-content\/uploads\/2023\/02\/06-garage-60x60.png\" alt=\"Garage\" srcset=\"\" width=\"60\" height=\"60\" data-srcset=\"\"><\/div><div class=\"vcex-teaser-content\"><h2 class=\"vcex-teaser-heading wpex-heading wpex-text-lg\">Garage couvert<\/h2><div class=\"vcex-teaser-text wpex-mt-10 wpex-last-mb-0 wpex-clr\"><p style=\"text-align: center\">Stationnements couverts sous le chalet (suivant dimension des v\u00e9hicules) inclus dans la location.<\/p>\n<\/div><\/div><\/div><\/div><\/div><\/div><div class=\"wpb_column vc_column_container vc_col-sm-3\"><div class=\"vc_column-inner\"><div class=\"wpb_wrapper\"><div class=\"vcex-module vcex-teaser wpex-flex wpex-flex-col wpex-text-center\"><div class=\"vcex-teaser-media wpex-mb-20 wpex-text-center\"><img loading=\"lazy\" class=\"wpex-align-middle\" decoding=\"async\" src=\"https:\/\/lesquirol.fr\/wp-content\/uploads\/2023\/02\/05-wifi-60x60.png\" alt=\"Wifi\" srcset=\"\" width=\"60\" height=\"60\" data-srcset=\"\"><\/div><div class=\"vcex-teaser-content\"><h2 class=\"vcex-teaser-heading wpex-heading wpex-text-lg\">Wifi<\/h2><div class=\"vcex-teaser-text wpex-mt-10 wpex-last-mb-0 wpex-clr\"><p style=\"text-align: center\">Internet par fibre \u00e0 5 Gb\/s, distribu\u00e9 dans le chalet par un wifi professionnel supervis\u00e9.<\/p>\n<\/div><\/div><\/div><\/div><\/div><\/div><div class=\"wpb_column vc_column_container vc_col-sm-3\"><div class=\"vc_column-inner\"><div class=\"wpb_wrapper\"><div class=\"vcex-module vcex-teaser wpex-flex wpex-flex-col wpex-text-center\"><div class=\"vcex-teaser-media wpex-mb-20 wpex-text-center\"><img loading=\"lazy\" class=\"wpex-align-middle\" decoding=\"async\" src=\"https:\/\/lesquirol.fr\/wp-content\/uploads\/2023\/02\/05-skiroom-52x60.png\" alt=\"SkiRoom\" srcset=\"\" width=\"52\" height=\"60\" data-srcset=\"\"><\/div><div class=\"vcex-teaser-content\"><h2 class=\"vcex-teaser-heading wpex-heading wpex-text-lg\">SkiRoom priv\u00e9<\/h2><div class=\"vcex-teaser-text wpex-mt-10 wpex-last-mb-0 wpex-clr\"><p style=\"text-align: center\">Pour chaque appartement, ski-room priv\u00e9 avec rack \u00e0 skis et s\u00e8ches-chaussures professionnels.<\/p>\n<\/div><\/div><\/div><\/div><\/div><\/div><div class=\"wpb_column vc_column_container vc_col-sm-3\"><div class=\"vc_column-inner\"><div class=\"wpb_wrapper\"><div class=\"vcex-module vcex-teaser wpex-flex wpex-flex-col wpex-text-center\"><div class=\"vcex-teaser-media wpex-mb-20 wpex-text-center\"><img loading=\"lazy\" class=\"wpex-align-middle\" decoding=\"async\" src=\"https:\/\/lesquirol.fr\/wp-content\/uploads\/2023\/02\/04-luge-60x60.png\" alt=\"Luges\" srcset=\"https:\/\/lesquirol.fr\/wp-content\/uploads\/2023\/02\/04-luge-60x60.png 60w, https:\/\/lesquirol.fr\/wp-content\/uploads\/2023\/02\/04-luge.png 128w\" width=\"60\" height=\"60\"><\/div><div class=\"vcex-teaser-content\"><h2 class=\"vcex-teaser-heading wpex-heading wpex-text-lg\">Pr\u00eat de luges<\/h2><div class=\"vcex-teaser-text wpex-mt-10 wpex-last-mb-0 wpex-clr\"><p style=\"text-align: center\">Plusieurs luges sont \u00e0 votre disposition pour les enfants.<\/p>\n<\/div><\/div><\/div><\/div><\/div><\/div><\/div><div class=\"vc_row wpb_row vc_inner vc_row-fluid wpex-relative\"><div class=\"wpb_column vc_column_container vc_col-sm-3\"><div class=\"vc_column-inner\"><div class=\"wpb_wrapper\"><div class=\"vcex-module vcex-teaser wpex-flex wpex-flex-col wpex-text-center\"><div class=\"vcex-teaser-media wpex-mb-20 wpex-text-center\"><img loading=\"lazy\" class=\"wpex-align-middle\" decoding=\"async\" src=\"https:\/\/lesquirol.fr\/wp-content\/uploads\/2023\/02\/03-fonddemaison-60x60.png\" alt=\"Fond de maison\" srcset=\"https:\/\/lesquirol.fr\/wp-content\/uploads\/2023\/02\/03-fonddemaison-60x60.png 60w, https:\/\/lesquirol.fr\/wp-content\/uploads\/2023\/02\/03-fonddemaison.png 128w\" width=\"60\" height=\"60\"><\/div><div class=\"vcex-teaser-content\"><h2 class=\"vcex-teaser-heading wpex-heading wpex-text-lg\">Fond de maison<\/h2><div class=\"vcex-teaser-text wpex-mt-10 wpex-last-mb-0 wpex-clr\"><p style=\"text-align: center\">Sel, poivres, huile, sucre, produits de vaisselle. Un fond de maison est disponible \u00e0 votre arriv\u00e9e.<\/p>\n<\/div><\/div><\/div><\/div><\/div><\/div><div class=\"wpb_column vc_column_container vc_col-sm-3\"><div class=\"vc_column-inner\"><div class=\"wpb_wrapper\"><\/div><\/div><\/div><div class=\"wpb_column vc_column_container vc_col-sm-3\"><div class=\"vc_column-inner\"><div class=\"wpb_wrapper\"><\/div><\/div><\/div><div class=\"wpb_column vc_column_container vc_col-sm-3\"><div class=\"vc_column-inner\"><div class=\"wpb_wrapper\"><\/div><\/div><\/div><\/div><style>.vcex-heading.vcex_6a0585ef1a3d4{color:#e6007f;font-size:var(--wpex-text-4xl);}<\/style><h1 class=\"vcex-heading vcex-heading-plain vcex-module wpex-heading wpex-text-2xl wpex-text-center vc_custom_1701001301389 vcex_6a0585ef1a3d4\"><span class=\"vcex-heading-inner wpex-inline-block\">Services en option<\/span><\/h1><div class=\"vc_row wpb_row vc_inner vc_row-fluid wpex-relative\"><div class=\"wpb_column vc_column_container vc_col-sm-4\"><div class=\"vc_column-inner\"><div class=\"wpb_wrapper\"><div class=\"vcex-module vcex-teaser wpex-flex wpex-flex-col wpex-text-center\"><div class=\"vcex-teaser-media wpex-mb-20 wpex-text-center\"><img loading=\"lazy\" class=\"wpex-align-middle\" decoding=\"async\" src=\"https:\/\/lesquirol.fr\/wp-content\/uploads\/2023\/02\/06-garage-60x60.png\" alt=\"Garage\" srcset=\"\" width=\"60\" height=\"60\" data-srcset=\"\"><\/div><div class=\"vcex-teaser-content\"><h2 class=\"vcex-teaser-heading wpex-heading wpex-text-lg\">Garage grande largeur<\/h2><div class=\"vcex-teaser-text wpex-mt-10 wpex-last-mb-0 wpex-clr\"><p>Larg. 3 m, pour v\u00e9hicule jusqu&rsquo;\u00e0 long. 5,6 m (haut. 2,0 m)<\/p>\n<\/div><\/div><\/div><\/div><\/div><\/div><div class=\"wpb_column vc_column_container vc_col-sm-4\"><div class=\"vc_column-inner\"><div class=\"wpb_wrapper\"><div class=\"vcex-module vcex-teaser wpex-flex wpex-flex-col wpex-text-center\"><div class=\"vcex-teaser-media wpex-mb-20 wpex-text-center\"><img loading=\"lazy\" class=\"wpex-align-middle\" decoding=\"async\" src=\"https:\/\/lesquirol.fr\/wp-content\/uploads\/2023\/02\/02-couverture-60x60.png\" alt=\"Draps\" srcset=\"https:\/\/lesquirol.fr\/wp-content\/uploads\/2023\/02\/02-couverture-60x60.png 60w, https:\/\/lesquirol.fr\/wp-content\/uploads\/2023\/02\/02-couverture-52x52.png 52w, https:\/\/lesquirol.fr\/wp-content\/uploads\/2023\/02\/02-couverture-64x64.png 64w, https:\/\/lesquirol.fr\/wp-content\/uploads\/2023\/02\/02-couverture-50x50.png 50w, https:\/\/lesquirol.fr\/wp-content\/uploads\/2023\/02\/02-couverture-40x40.png 40w, https:\/\/lesquirol.fr\/wp-content\/uploads\/2023\/02\/02-couverture.png 128w\" width=\"60\" height=\"60\"><\/div><div class=\"vcex-teaser-content\"><h2 class=\"vcex-teaser-heading wpex-heading wpex-text-lg\">Location de draps (\u00e9t\u00e9)<\/h2><div class=\"vcex-teaser-text wpex-mt-10 wpex-last-mb-0 wpex-clr\"><p style=\"text-align: center\">En \u00e9t\u00e9 et hors saison, vous pouvez louer vos draps pour voyager l\u00e9ger.<\/p>\n<\/div><\/div><\/div><\/div><\/div><\/div><div class=\"wpb_column vc_column_container vc_col-sm-4\"><div class=\"vc_column-inner\"><div class=\"wpb_wrapper\"><div class=\"vcex-module vcex-teaser wpex-flex wpex-flex-col wpex-text-center\"><div class=\"vcex-teaser-media wpex-mb-20 wpex-text-center\"><img loading=\"lazy\" class=\"wpex-align-middle\" decoding=\"async\" src=\"https:\/\/lesquirol.fr\/wp-content\/uploads\/2023\/02\/09-serviette-60x60.png\" alt=\"Serviettes de toilette\" srcset=\"https:\/\/lesquirol.fr\/wp-content\/uploads\/2023\/02\/09-serviette-60x60.png 60w, https:\/\/lesquirol.fr\/wp-content\/uploads\/2023\/02\/09-serviette-64x64.png 64w, https:\/\/lesquirol.fr\/wp-content\/uploads\/2023\/02\/09-serviette-50x50.png 50w, https:\/\/lesquirol.fr\/wp-content\/uploads\/2023\/02\/09-serviette-40x40.png 40w, https:\/\/lesquirol.fr\/wp-content\/uploads\/2023\/02\/09-serviette.png 128w\" width=\"60\" height=\"60\"><\/div><div class=\"vcex-teaser-content\"><h2 class=\"vcex-teaser-heading wpex-heading wpex-text-lg\">Serviettes de toilette<\/h2><div class=\"vcex-teaser-text wpex-mt-10 wpex-last-mb-0 wpex-clr\"><p style=\"text-align: center\">Hiver et \u00e9t\u00e9, vous pouvez louer vos serviettes de toilette.<\/p>\n<\/div><\/div><\/div><\/div><\/div><\/div><\/div><style>.vcex-heading.vcex_6a0585ef1ce29{color:#e6007f;font-size:var(--wpex-text-4xl);}<\/style><h1 class=\"vcex-heading vcex-heading-plain vcex-module wpex-heading wpex-text-2xl wpex-text-center vc_custom_1701001336956 vcex_6a0585ef1ce29\"><span class=\"vcex-heading-inner wpex-inline-block\">Mises en relation pour faciliter votre s\u00e9jour<\/span><\/h1><div class=\"vc_row wpb_row vc_inner vc_row-fluid wpex-relative\"><div class=\"wpb_column vc_column_container vc_col-sm-3\"><div class=\"vc_column-inner\"><div class=\"wpb_wrapper\"><div class=\"vcex-module vcex-teaser wpex-flex wpex-flex-col wpex-text-center\"><div class=\"vcex-teaser-media wpex-mb-20 wpex-text-center\"><img loading=\"lazy\" class=\"wpex-align-middle\" decoding=\"async\" src=\"https:\/\/lesquirol.fr\/wp-content\/uploads\/2023\/02\/B1-ski-pass-60x60.png\" alt=\"Forfaits de ski \/ Ski pass\" srcset=\"https:\/\/lesquirol.fr\/wp-content\/uploads\/2023\/02\/B1-ski-pass-60x60.png 60w, https:\/\/lesquirol.fr\/wp-content\/uploads\/2023\/02\/B1-ski-pass.png 128w\" width=\"60\" height=\"60\"><\/div><div class=\"vcex-teaser-content\"><h2 class=\"vcex-teaser-heading wpex-heading wpex-text-lg\">Forfaits de ski<\/h2><div class=\"vcex-teaser-text wpex-mt-10 wpex-last-mb-0 wpex-clr\"><p style=\"text-align: center\">Achetez vos forfaits en ligne et utilisez les cartes magn\u00e9tiques que vous poss\u00e9dez d\u00e9j\u00e0.<\/p>\n<\/div><\/div><\/div><\/div><\/div><\/div><div class=\"wpb_column vc_column_container vc_col-sm-3\"><div class=\"vc_column-inner\"><div class=\"wpb_wrapper\"><div class=\"vcex-module vcex-teaser wpex-flex wpex-flex-col wpex-text-center\"><div class=\"vcex-teaser-media wpex-mb-20 wpex-text-center\"><img loading=\"lazy\" class=\"wpex-align-middle\" decoding=\"async\" src=\"https:\/\/lesquirol.fr\/wp-content\/uploads\/2023\/02\/B2-ski-material-60x60.png\" alt=\"Mat\u00e9riel de ski\" srcset=\"https:\/\/lesquirol.fr\/wp-content\/uploads\/2023\/02\/B2-ski-material-60x60.png 60w, https:\/\/lesquirol.fr\/wp-content\/uploads\/2023\/02\/B2-ski-material.png 128w\" width=\"60\" height=\"60\"><\/div><div class=\"vcex-teaser-content\"><h2 class=\"vcex-teaser-heading wpex-heading wpex-text-lg\">Location de mat\u00e9riel<\/h2><div class=\"vcex-teaser-text wpex-mt-10 wpex-last-mb-0 wpex-clr\"><p style=\"text-align: center\">Louez votre mat\u00e9riel au plus pr\u00e8s du chalet<\/p>\n<\/div><\/div><\/div><\/div><\/div><\/div><div class=\"wpb_column vc_column_container vc_col-sm-3\"><div class=\"vc_column-inner\"><div class=\"wpb_wrapper\"><div class=\"vcex-module vcex-teaser wpex-flex wpex-flex-col wpex-text-center\"><div class=\"vcex-teaser-media wpex-mb-20 wpex-text-center\"><img loading=\"lazy\" class=\"wpex-align-middle\" decoding=\"async\" src=\"https:\/\/lesquirol.fr\/wp-content\/uploads\/2023\/02\/B3-ski-lessons-60x60.png\" alt=\"Cours de ski\" srcset=\"https:\/\/lesquirol.fr\/wp-content\/uploads\/2023\/02\/B3-ski-lessons-60x60.png 60w, https:\/\/lesquirol.fr\/wp-content\/uploads\/2023\/02\/B3-ski-lessons.png 128w\" width=\"60\" height=\"60\"><\/div><div class=\"vcex-teaser-content\"><h2 class=\"vcex-teaser-heading wpex-heading wpex-text-lg\">Cours de ski<\/h2><div class=\"vcex-teaser-text wpex-mt-10 wpex-last-mb-0 wpex-clr\"><p style=\"text-align: center\">R\u00e9servez vos cours de ski, ou trouvez un moniteur \/ un guide pour vos sorties.<\/p>\n<\/div><\/div><\/div><\/div><\/div><\/div><div class=\"wpb_column vc_column_container vc_col-sm-3\"><div class=\"vc_column-inner\"><div class=\"wpb_wrapper\"><div class=\"vcex-module vcex-teaser wpex-flex wpex-flex-col wpex-text-center\"><div class=\"vcex-teaser-media wpex-mb-20 wpex-text-center\"><img loading=\"lazy\" class=\"wpex-align-middle\" decoding=\"async\" src=\"https:\/\/lesquirol.fr\/wp-content\/uploads\/2023\/02\/B4-Children-60x60.png\" alt=\"Enfants\" srcset=\"https:\/\/lesquirol.fr\/wp-content\/uploads\/2023\/02\/B4-Children-60x60.png 60w, https:\/\/lesquirol.fr\/wp-content\/uploads\/2023\/02\/B4-Children.png 128w\" width=\"60\" height=\"60\"><\/div><div class=\"vcex-teaser-content\"><h2 class=\"vcex-teaser-heading wpex-heading wpex-text-lg\">Jardins d'enfants<\/h2><div class=\"vcex-teaser-text wpex-mt-10 wpex-last-mb-0 wpex-clr\"><p style=\"text-align: center\">R\u00e9servez l&rsquo;un des deux jardins d&rsquo;enfants \/ cours d\u00e9butants \u00e0 proximit\u00e9 du chalet.<\/p>\n<\/div><\/div><\/div><\/div><\/div><\/div><\/div><div class=\"vc_row wpb_row vc_inner vc_row-fluid wpex-relative\"><div class=\"wpb_column vc_column_container vc_col-sm-3\"><div class=\"vc_column-inner\"><div class=\"wpb_wrapper\"><div class=\"vcex-module vcex-teaser wpex-flex wpex-flex-col wpex-text-center\"><div class=\"vcex-teaser-media wpex-mb-20 wpex-text-center\"><img loading=\"lazy\" class=\"wpex-align-middle\" decoding=\"async\" src=\"https:\/\/lesquirol.fr\/wp-content\/uploads\/2023\/02\/B6-bus-60x60.png\" alt=\"\" srcset=\"https:\/\/lesquirol.fr\/wp-content\/uploads\/2023\/02\/B6-bus-60x60.png 60w, https:\/\/lesquirol.fr\/wp-content\/uploads\/2023\/02\/B6-bus.png 128w\" width=\"60\" height=\"60\"><\/div><div class=\"vcex-teaser-content\"><h2 class=\"vcex-teaser-heading wpex-heading wpex-text-lg\">Transferts en bus<\/h2><div class=\"vcex-teaser-text wpex-mt-10 wpex-last-mb-0 wpex-clr\"><p style=\"text-align: center\">R\u00e9servez vos transferts en bus \u00e0 partir de Bourg Saint Maurice. Arr\u00eat du bus \u00e0 300 m du chalet.<\/p>\n<\/div><\/div><\/div><\/div><\/div><\/div><div class=\"wpb_column vc_column_container vc_col-sm-3\"><div class=\"vc_column-inner\"><div class=\"wpb_wrapper\"><div class=\"vcex-module vcex-teaser wpex-flex wpex-flex-col wpex-text-center\"><div class=\"vcex-teaser-media wpex-mb-20 wpex-text-center\"><img loading=\"lazy\" class=\"wpex-align-middle\" decoding=\"async\" src=\"https:\/\/lesquirol.fr\/wp-content\/uploads\/2023\/02\/B5-taxi-60x60.png\" alt=\"\" srcset=\"https:\/\/lesquirol.fr\/wp-content\/uploads\/2023\/02\/B5-taxi-60x60.png 60w, https:\/\/lesquirol.fr\/wp-content\/uploads\/2023\/02\/B5-taxi.png 128w\" width=\"60\" height=\"60\"><\/div><div class=\"vcex-teaser-content\"><h2 class=\"vcex-teaser-heading wpex-heading wpex-text-lg\">Transferts priv\u00e9s<\/h2><div class=\"vcex-teaser-text wpex-mt-10 wpex-last-mb-0 wpex-clr\"><p style=\"text-align: center\">Transferts priv\u00e9s en taxi \u00e0 partir des gares (BStM et Chamb\u00e9ry) et vers Les Arcs, Tignes, Val d&rsquo;Is\u00e8re.<\/p>\n<\/div><\/div><\/div><\/div><\/div><\/div><div class=\"wpb_column vc_column_container vc_col-sm-3\"><div class=\"vc_column-inner\"><div class=\"wpb_wrapper\"><div class=\"vcex-module vcex-teaser wpex-flex wpex-flex-col wpex-text-center\"><div class=\"vcex-teaser-media wpex-mb-20 wpex-text-center\"><img loading=\"lazy\" class=\"wpex-align-middle\" decoding=\"async\" src=\"https:\/\/lesquirol.fr\/wp-content\/uploads\/2023\/02\/B7-pain-60x60.png\" alt=\"\" srcset=\"https:\/\/lesquirol.fr\/wp-content\/uploads\/2023\/02\/B7-pain-60x60.png 60w, https:\/\/lesquirol.fr\/wp-content\/uploads\/2023\/02\/B7-pain.png 128w\" width=\"60\" height=\"60\"><\/div><div class=\"vcex-teaser-content\"><h2 class=\"vcex-teaser-heading wpex-heading wpex-text-lg\">Boulangerie<\/h2><div class=\"vcex-teaser-text wpex-mt-10 wpex-last-mb-0 wpex-clr\"><p style=\"text-align: center\">Pains et viennoiseries \u00e0 200 m du chalet. Livraisons possibles.<\/p>\n<\/div><\/div><\/div><\/div><\/div><\/div><div class=\"wpb_column vc_column_container vc_col-sm-3\"><div class=\"vc_column-inner\"><div class=\"wpb_wrapper\"><div class=\"vcex-module vcex-teaser wpex-flex wpex-flex-col wpex-text-center\"><div class=\"vcex-teaser-media wpex-mb-20 wpex-text-center\"><img loading=\"lazy\" class=\"wpex-align-middle\" decoding=\"async\" src=\"https:\/\/lesquirol.fr\/wp-content\/uploads\/2023\/02\/B8-chef-60x60.png\" alt=\"\" srcset=\"https:\/\/lesquirol.fr\/wp-content\/uploads\/2023\/02\/B8-chef-60x60.png 60w, https:\/\/lesquirol.fr\/wp-content\/uploads\/2023\/02\/B8-chef.png 128w\" width=\"60\" height=\"60\"><\/div><div class=\"vcex-teaser-content\"><h2 class=\"vcex-teaser-heading wpex-heading wpex-text-lg\">Service traiteurs<\/h2><div class=\"vcex-teaser-text wpex-mt-10 wpex-last-mb-0 wpex-clr\"><p style=\"text-align: center\">Mise \u00e0 disposition ou livraison de repas par des traiteurs.<\/p>\n<\/div><\/div><\/div><\/div><\/div><\/div><\/div><\/div><\/div><\/div><\/div>\n<\/div>","protected":false},"excerpt":{"rendered":"Services inclus et services propos\u00e9s en option dans le cadre de votre s\u00e9jour. Services inclusM\u00e9nage Partez l&rsquo;esprit tranquille avec le m\u00e9nage de fin de s\u00e9jour inclus (sauf cuisine et poubelles). Draps fournis (hiver) En saison d&rsquo;hiver, voyagez l\u00e9ger ! Les draps sont fournis. Laverie Lave-linge et s\u00e8che-linge \u00e0 disposition dans le chalet. Equipement b\u00e9b\u00e9 Sur&hellip;","protected":false},"author":2,"featured_media":0,"parent":0,"menu_order":0,"comment_status":"closed","ping_status":"closed","template":"","meta":{"_monsterinsights_skip_tracking":false,"_monsterinsights_sitenote_active":false,"_monsterinsights_sitenote_note":"","_monsterinsights_sitenote_category":0,"footnotes":""},"class_list":["post-773","page","type-page","status-publish","hentry","entry","no-media"],"aioseo_notices":[],"_links":{"self":[{"href":"https:\/\/lesquirol.fr\/en\/wp-json\/wp\/v2\/pages\/773","targetHints":{"allow":["GET"]}}],"collection":[{"href":"https:\/\/lesquirol.fr\/en\/wp-json\/wp\/v2\/pages"}],"about":[{"href":"https:\/\/lesquirol.fr\/en\/wp-json\/wp\/v2\/types\/page"}],"author":[{"embeddable":true,"href":"https:\/\/lesquirol.fr\/en\/wp-json\/wp\/v2\/users\/2"}],"replies":[{"embeddable":true,"href":"https:\/\/lesquirol.fr\/en\/wp-json\/wp\/v2\/comments?post=773"}],"version-history":[{"count":16,"href":"https:\/\/lesquirol.fr\/en\/wp-json\/wp\/v2\/pages\/773\/revisions"}],"predecessor-version":[{"id":1655,"href":"https:\/\/lesquirol.fr\/en\/wp-json\/wp\/v2\/pages\/773\/revisions\/1655"}],"wp:attachment":[{"href":"https:\/\/lesquirol.fr\/en\/wp-json\/wp\/v2\/media?parent=773"}],"curies":[{"name":"wp","href":"https:\/\/api.w.org\/{rel}","templated":true}]}}